{"id":7466,"date":"2021-11-17T16:15:13","date_gmt":"2021-11-17T15:15:13","guid":{"rendered":"https:\/\/www.torneriaoml.it\/prodotti\/fluidi\/"},"modified":"2021-12-22T13:18:43","modified_gmt":"2021-12-22T12:18:43","slug":"fluessigkeiten","status":"publish","type":"page","link":"https:\/\/www.torneriaoml.it\/de\/produkte\/fluessigkeiten\/","title":{"rendered":"Fl\u00fcssigkeiten"},"content":{"rendered":"\t\t<div data-elementor-type=\"wp-page\" data-elementor-id=\"7466\" class=\"elementor elementor-7466 elementor-6937\">\n\t\t\t\t\t\t\t\t\t<section class=\"elementor-section elementor-top-section elementor-element elementor-element-8db6970 elementor-section-boxed elementor-section-height-default elementor-section-height-default\" data-id=\"8db6970\" data-element_type=\"section\">\n\t\t\t\t\t\t<div class=\"elementor-container elementor-column-gap-default\">\n\t\t\t\t\t<div class=\"elementor-column elementor-col-100 elementor-top-column elementor-element elementor-element-29afd39\" data-id=\"29afd39\" data-element_type=\"column\">\n\t\t\t<div class=\"elementor-widget-wrap elementor-element-populated\">\n\t\t\t\t\t\t\t\t<div class=\"elementor-element elementor-element-f5c3056 elementor-widget elementor-widget-heading\" data-id=\"f5c3056\" data-element_type=\"widget\" data-settings=\"{&quot;aos_animation_name&quot;:&quot;none&quot;}\" data-widget_type=\"heading.default\">\n\t\t\t\t<div class=\"elementor-widget-container\">\n\t\t\t<style>\/*! elementor - v3.8.0 - 30-10-2022 *\/\n.elementor-heading-title{padding:0;margin:0;line-height:1}.elementor-widget-heading .elementor-heading-title[class*=elementor-size-]>a{color:inherit;font-size:inherit;line-height:inherit}.elementor-widget-heading .elementor-heading-title.elementor-size-small{font-size:15px}.elementor-widget-heading .elementor-heading-title.elementor-size-medium{font-size:19px}.elementor-widget-heading .elementor-heading-title.elementor-size-large{font-size:29px}.elementor-widget-heading .elementor-heading-title.elementor-size-xl{font-size:39px}.elementor-widget-heading .elementor-heading-title.elementor-size-xxl{font-size:59px}<\/style><h2 class=\"elementor-heading-title elementor-size-default\">Fluids<\/h2>\t\t<\/div>\n\t\t\t\t<\/div>\n\t\t\t\t<div class=\"elementor-element elementor-element-483bc9a elementor-arrows-position-inside elementor-pagination-position-outside elementor-widget elementor-widget-image-carousel\" data-id=\"483bc9a\" data-element_type=\"widget\" data-settings=\"{&quot;slides_to_show&quot;:&quot;1&quot;,&quot;navigation&quot;:&quot;both&quot;,&quot;autoplay&quot;:&quot;yes&quot;,&quot;pause_on_hover&quot;:&quot;yes&quot;,&quot;pause_on_interaction&quot;:&quot;yes&quot;,&quot;autoplay_speed&quot;:5000,&quot;infinite&quot;:&quot;yes&quot;,&quot;effect&quot;:&quot;slide&quot;,&quot;speed&quot;:500,&quot;aos_animation_name&quot;:&quot;none&quot;}\" data-widget_type=\"image-carousel.default\">\n\t\t\t\t<div class=\"elementor-widget-container\">\n\t\t\t<style>\/*! elementor - v3.8.0 - 30-10-2022 *\/\n.elementor-widget-image-carousel .swiper-container{position:static}.elementor-widget-image-carousel .swiper-container .swiper-slide figure{line-height:inherit}.elementor-widget-image-carousel .swiper-slide{text-align:center}.elementor-image-carousel-wrapper:not(.swiper-container-initialized) .swiper-slide{max-width:calc(100% \/ var(--e-image-carousel-slides-to-show, 3))}<\/style>\t\t<div class=\"elementor-image-carousel-wrapper swiper-container\" dir=\"ltr\">\n\t\t\t<div class=\"elementor-image-carousel swiper-wrapper\">\n\t\t\t\t\t\t\t\t<div class=\"swiper-slide\"><figure class=\"swiper-slide-inner\"><img decoding=\"async\" class=\"swiper-slide-image\" src=\"https:\/\/www.torneriaoml.it\/wp-content\/uploads\/2021\/11\/9-Controllo-Fluidi-4.jpg\" alt=\"Controllo fluidi\" \/><figcaption class=\"elementor-image-carousel-caption\">Size: 27 mm Material: brass<\/figcaption><\/figure><\/div><div class=\"swiper-slide\"><figure class=\"swiper-slide-inner\"><img decoding=\"async\" class=\"swiper-slide-image\" src=\"https:\/\/www.torneriaoml.it\/wp-content\/uploads\/2021\/11\/9-Controllo-Fluidi-Aisi-304-316.jpg\" alt=\"Raccorderia\" \/><figcaption class=\"elementor-image-carousel-caption\">Size: 27 mm Material: AISI 303<\/figcaption><\/figure><\/div><div class=\"swiper-slide\"><figure class=\"swiper-slide-inner\"><img decoding=\"async\" class=\"swiper-slide-image\" src=\"https:\/\/www.torneriaoml.it\/wp-content\/uploads\/2021\/11\/9-Fluidi-aisi-2.jpg\" alt=\"Raccorderia\" \/><figcaption class=\"elementor-image-carousel-caption\">Size: 35 mm Material: AISI 303<\/figcaption><\/figure><\/div><div class=\"swiper-slide\"><figure class=\"swiper-slide-inner\"><img decoding=\"async\" class=\"swiper-slide-image\" src=\"https:\/\/www.torneriaoml.it\/wp-content\/uploads\/2021\/11\/9-Fluidi-Aisi-non-zincati-1.jpg\" alt=\"Controllo fluidi\" \/><figcaption class=\"elementor-image-carousel-caption\">Size: 42 mm Material: AISI 316<\/figcaption><\/figure><\/div><div class=\"swiper-slide\"><figure class=\"swiper-slide-inner\"><img decoding=\"async\" class=\"swiper-slide-image\" src=\"https:\/\/www.torneriaoml.it\/wp-content\/uploads\/2021\/11\/9.Aisi-304-316.jpg\" alt=\"Medicale\" \/><figcaption class=\"elementor-image-carousel-caption\">Size: 36 mm Material: AISI 316<\/figcaption><\/figure><\/div><div class=\"swiper-slide\"><figure class=\"swiper-slide-inner\"><img decoding=\"async\" class=\"swiper-slide-image\" src=\"https:\/\/www.torneriaoml.it\/wp-content\/uploads\/2021\/11\/Fluidi-9-aisi-non-zincato.jpg\" alt=\"Raccorderia\" \/><figcaption class=\"elementor-image-carousel-caption\">Size: 30 mm Material: AISI 304<\/figcaption><\/figure><\/div><div class=\"swiper-slide\"><figure class=\"swiper-slide-inner\"><img decoding=\"async\" class=\"swiper-slide-image\" src=\"https:\/\/www.torneriaoml.it\/wp-content\/uploads\/2021\/11\/Fluidi-9-non-zincato.jpg\" alt=\"Controllo fluidi\" \/><figcaption class=\"elementor-image-carousel-caption\">Size: 28 mm Material: AISI 304<\/figcaption><\/figure><\/div>\t\t\t<\/div>\n\t\t\t\t\t\t\t\t\t\t\t\t<div class=\"swiper-pagination\"><\/div>\n\t\t\t\t\t\t\t\t\t\t\t\t\t<div class=\"elementor-swiper-button elementor-swiper-button-prev\">\n\t\t\t\t\t\t<i aria-hidden=\"true\" class=\"eicon-chevron-left\"><\/i>\t\t\t\t\t\t<span class=\"elementor-screen-only\">Zur\u00fcck<\/span>\n\t\t\t\t\t<\/div>\n\t\t\t\t\t<div class=\"elementor-swiper-button elementor-swiper-button-next\">\n\t\t\t\t\t\t<i aria-hidden=\"true\" class=\"eicon-chevron-right\"><\/i>\t\t\t\t\t\t<span class=\"elementor-screen-only\">Weiter<\/span>\n\t\t\t\t\t<\/div>\n\t\t\t\t\t\t\t\t\t<\/div>\n\t\t\t\t<\/div>\n\t\t\t\t<\/div>\n\t\t\t\t<div data-aos=\"custom\" data-aos-once=\"true\" class=\"elementor-element elementor-element-fe84c33 elementor-widget elementor-widget-vlt-button\" data-id=\"fe84c33\" data-element_type=\"widget\" data-settings=\"{&quot;aos_animation_name&quot;:&quot;custom&quot;}\" data-widget_type=\"vlt-button.default\">\n\t\t\t\t<div class=\"elementor-widget-container\">\n\t\t\t\n\t\t<a class=\"vlt-btn vlt-btn--sm vlt-btn--primary vlt-btn--effect\" role=\"button\" href=\"https:\/\/www.torneriaoml.it\/de\/produkte\/\">\n\n\t\t\t\n\t\t\t\t<i aria-hidden=\"true\" class=\"left fas fa-arrow-left\"><\/i>\n\t\t\t\n\t\t\tProdukte\n\t\t\t\n\t\t<\/a>\n\n\t\t\t\t<\/div>\n\t\t\t\t<\/div>\n\t\t\t\t\t<\/div>\n\t\t<\/div>\n\t\t\t\t\t\t\t<\/div>\n\t\t<\/section>\n\t\t\t\t\t\t\t<\/div>\n\t\t","protected":false},"excerpt":{"rendered":"<p>Fluids Size: 27 mm Material: brass Size: 27 mm Material: AISI 303 Size: 35 mm Material: AISI 303 Size: 42 mm Material: AISI 316 Size: 36 mm Material: AISI 316 Size: 30 mm Material: AISI 304 Size: 28 mm Material: AISI 304 Precedente Successivo Produkte<\/p>\n","protected":false},"author":1,"featured_media":0,"parent":7464,"menu_order":0,"comment_status":"closed","ping_status":"closed","template":"template-custom-page.php","meta":{"inline_featured_image":false,"_vp_format_video_url":"","_vp_image_focal_point":[],"footnotes":""},"class_list":["post-7466","page","type-page","status-publish","hentry"],"yoast_head":"<!-- This site is optimized with the Yoast SEO plugin v26.9 - https:\/\/yoast.com\/product\/yoast-seo-wordpress\/ -->\n<title>Wir produzieren mit CNC-Drehmaschinen Pr\u00e4zisionskleinteile f\u00fcr Die Fluid-Control-Industrie | Vicenza | ITALY<\/title>\n<meta name=\"description\" content=\"Torneria OML fertigt mit hochpr\u00e4zisen CNC-Drehmaschinen Kleinteile f\u00fcr den Die Fluid-Control-Industrie\" \/>\n<meta name=\"robots\" content=\"index, follow, max-snippet:-1, max-image-preview:large, max-video-preview:-1\" \/>\n<link rel=\"canonical\" href=\"https:\/\/www.torneriaoml.it\/de\/produkte\/fluessigkeiten\/\" \/>\n<meta property=\"og:locale\" content=\"de_DE\" \/>\n<meta property=\"og:type\" content=\"article\" \/>\n<meta property=\"og:title\" content=\"Wir produzieren mit CNC-Drehmaschinen Pr\u00e4zisionskleinteile f\u00fcr Die Fluid-Control-Industrie | Vicenza | ITALY\" \/>\n<meta property=\"og:description\" content=\"Torneria OML fertigt mit hochpr\u00e4zisen CNC-Drehmaschinen Kleinteile f\u00fcr den Die Fluid-Control-Industrie\" \/>\n<meta property=\"og:url\" content=\"https:\/\/www.torneriaoml.it\/de\/produkte\/fluessigkeiten\/\" \/>\n<meta property=\"og:site_name\" content=\"Torneria OML\" \/>\n<meta property=\"article:modified_time\" content=\"2021-12-22T12:18:43+00:00\" \/>\n<meta property=\"og:image\" content=\"https:\/\/www.torneriaoml.it\/wp-content\/uploads\/2021\/11\/9-Controllo-Fluidi-4.jpg\" \/>\n<meta name=\"twitter:card\" content=\"summary_large_image\" \/>\n<meta name=\"twitter:label1\" content=\"Gesch\u00e4tzte Lesezeit\" \/>\n\t<meta name=\"twitter:data1\" content=\"3\u00a0Minuten\" \/>\n<script type=\"application\/ld+json\" class=\"yoast-schema-graph\">{\"@context\":\"https:\/\/schema.org\",\"@graph\":[{\"@type\":\"WebPage\",\"@id\":\"https:\/\/www.torneriaoml.it\/de\/produkte\/fluessigkeiten\/\",\"url\":\"https:\/\/www.torneriaoml.it\/de\/produkte\/fluessigkeiten\/\",\"name\":\"Wir produzieren mit CNC-Drehmaschinen Pr\u00e4zisionskleinteile f\u00fcr Die Fluid-Control-Industrie | Vicenza | ITALY\",\"isPartOf\":{\"@id\":\"https:\/\/www.torneriaoml.it\/de\/#website\"},\"primaryImageOfPage\":{\"@id\":\"https:\/\/www.torneriaoml.it\/de\/produkte\/fluessigkeiten\/#primaryimage\"},\"image\":{\"@id\":\"https:\/\/www.torneriaoml.it\/de\/produkte\/fluessigkeiten\/#primaryimage\"},\"thumbnailUrl\":\"https:\/\/www.torneriaoml.it\/wp-content\/uploads\/2021\/11\/9-Controllo-Fluidi-4.jpg\",\"datePublished\":\"2021-11-17T15:15:13+00:00\",\"dateModified\":\"2021-12-22T12:18:43+00:00\",\"description\":\"Torneria OML fertigt mit hochpr\u00e4zisen CNC-Drehmaschinen Kleinteile f\u00fcr den Die Fluid-Control-Industrie\",\"breadcrumb\":{\"@id\":\"https:\/\/www.torneriaoml.it\/de\/produkte\/fluessigkeiten\/#breadcrumb\"},\"inLanguage\":\"de\",\"potentialAction\":[{\"@type\":\"ReadAction\",\"target\":[\"https:\/\/www.torneriaoml.it\/de\/produkte\/fluessigkeiten\/\"]}]},{\"@type\":\"ImageObject\",\"inLanguage\":\"de\",\"@id\":\"https:\/\/www.torneriaoml.it\/de\/produkte\/fluessigkeiten\/#primaryimage\",\"url\":\"https:\/\/www.torneriaoml.it\/wp-content\/uploads\/2021\/11\/9-Controllo-Fluidi-4.jpg\",\"contentUrl\":\"https:\/\/www.torneriaoml.it\/wp-content\/uploads\/2021\/11\/9-Controllo-Fluidi-4.jpg\"},{\"@type\":\"BreadcrumbList\",\"@id\":\"https:\/\/www.torneriaoml.it\/de\/produkte\/fluessigkeiten\/#breadcrumb\",\"itemListElement\":[{\"@type\":\"ListItem\",\"position\":1,\"name\":\"Home\",\"item\":\"https:\/\/www.torneriaoml.it\/de\/\"},{\"@type\":\"ListItem\",\"position\":2,\"name\":\"Produkte\",\"item\":\"https:\/\/www.torneriaoml.it\/de\/produkte\/\"},{\"@type\":\"ListItem\",\"position\":3,\"name\":\"Fl\u00fcssigkeiten\"}]},{\"@type\":\"WebSite\",\"@id\":\"https:\/\/www.torneriaoml.it\/de\/#website\",\"url\":\"https:\/\/www.torneriaoml.it\/de\/\",\"name\":\"Torneria OML\",\"description\":\"Torneria OML\",\"potentialAction\":[{\"@type\":\"SearchAction\",\"target\":{\"@type\":\"EntryPoint\",\"urlTemplate\":\"https:\/\/www.torneriaoml.it\/de\/?s={search_term_string}\"},\"query-input\":{\"@type\":\"PropertyValueSpecification\",\"valueRequired\":true,\"valueName\":\"search_term_string\"}}],\"inLanguage\":\"de\"}]}<\/script>\n<!-- \/ Yoast SEO plugin. -->","yoast_head_json":{"title":"Wir produzieren mit CNC-Drehmaschinen Pr\u00e4zisionskleinteile f\u00fcr Die Fluid-Control-Industrie | Vicenza | ITALY","description":"Torneria OML fertigt mit hochpr\u00e4zisen CNC-Drehmaschinen Kleinteile f\u00fcr den Die Fluid-Control-Industrie","robots":{"index":"index","follow":"follow","max-snippet":"max-snippet:-1","max-image-preview":"max-image-preview:large","max-video-preview":"max-video-preview:-1"},"canonical":"https:\/\/www.torneriaoml.it\/de\/produkte\/fluessigkeiten\/","og_locale":"de_DE","og_type":"article","og_title":"Wir produzieren mit CNC-Drehmaschinen Pr\u00e4zisionskleinteile f\u00fcr Die Fluid-Control-Industrie | Vicenza | ITALY","og_description":"Torneria OML fertigt mit hochpr\u00e4zisen CNC-Drehmaschinen Kleinteile f\u00fcr den Die Fluid-Control-Industrie","og_url":"https:\/\/www.torneriaoml.it\/de\/produkte\/fluessigkeiten\/","og_site_name":"Torneria OML","article_modified_time":"2021-12-22T12:18:43+00:00","og_image":[{"url":"https:\/\/www.torneriaoml.it\/wp-content\/uploads\/2021\/11\/9-Controllo-Fluidi-4.jpg","type":"","width":"","height":""}],"twitter_card":"summary_large_image","twitter_misc":{"Gesch\u00e4tzte Lesezeit":"3\u00a0Minuten"},"schema":{"@context":"https:\/\/schema.org","@graph":[{"@type":"WebPage","@id":"https:\/\/www.torneriaoml.it\/de\/produkte\/fluessigkeiten\/","url":"https:\/\/www.torneriaoml.it\/de\/produkte\/fluessigkeiten\/","name":"Wir produzieren mit CNC-Drehmaschinen Pr\u00e4zisionskleinteile f\u00fcr Die Fluid-Control-Industrie | Vicenza | ITALY","isPartOf":{"@id":"https:\/\/www.torneriaoml.it\/de\/#website"},"primaryImageOfPage":{"@id":"https:\/\/www.torneriaoml.it\/de\/produkte\/fluessigkeiten\/#primaryimage"},"image":{"@id":"https:\/\/www.torneriaoml.it\/de\/produkte\/fluessigkeiten\/#primaryimage"},"thumbnailUrl":"https:\/\/www.torneriaoml.it\/wp-content\/uploads\/2021\/11\/9-Controllo-Fluidi-4.jpg","datePublished":"2021-11-17T15:15:13+00:00","dateModified":"2021-12-22T12:18:43+00:00","description":"Torneria OML fertigt mit hochpr\u00e4zisen CNC-Drehmaschinen Kleinteile f\u00fcr den Die Fluid-Control-Industrie","breadcrumb":{"@id":"https:\/\/www.torneriaoml.it\/de\/produkte\/fluessigkeiten\/#breadcrumb"},"inLanguage":"de","potentialAction":[{"@type":"ReadAction","target":["https:\/\/www.torneriaoml.it\/de\/produkte\/fluessigkeiten\/"]}]},{"@type":"ImageObject","inLanguage":"de","@id":"https:\/\/www.torneriaoml.it\/de\/produkte\/fluessigkeiten\/#primaryimage","url":"https:\/\/www.torneriaoml.it\/wp-content\/uploads\/2021\/11\/9-Controllo-Fluidi-4.jpg","contentUrl":"https:\/\/www.torneriaoml.it\/wp-content\/uploads\/2021\/11\/9-Controllo-Fluidi-4.jpg"},{"@type":"BreadcrumbList","@id":"https:\/\/www.torneriaoml.it\/de\/produkte\/fluessigkeiten\/#breadcrumb","itemListElement":[{"@type":"ListItem","position":1,"name":"Home","item":"https:\/\/www.torneriaoml.it\/de\/"},{"@type":"ListItem","position":2,"name":"Produkte","item":"https:\/\/www.torneriaoml.it\/de\/produkte\/"},{"@type":"ListItem","position":3,"name":"Fl\u00fcssigkeiten"}]},{"@type":"WebSite","@id":"https:\/\/www.torneriaoml.it\/de\/#website","url":"https:\/\/www.torneriaoml.it\/de\/","name":"Torneria OML","description":"Torneria OML","potentialAction":[{"@type":"SearchAction","target":{"@type":"EntryPoint","urlTemplate":"https:\/\/www.torneriaoml.it\/de\/?s={search_term_string}"},"query-input":{"@type":"PropertyValueSpecification","valueRequired":true,"valueName":"search_term_string"}}],"inLanguage":"de"}]}},"_links":{"self":[{"href":"https:\/\/www.torneriaoml.it\/de\/wp-json\/wp\/v2\/pages\/7466","targetHints":{"allow":["GET"]}}],"collection":[{"href":"https:\/\/www.torneriaoml.it\/de\/wp-json\/wp\/v2\/pages"}],"about":[{"href":"https:\/\/www.torneriaoml.it\/de\/wp-json\/wp\/v2\/types\/page"}],"author":[{"embeddable":true,"href":"https:\/\/www.torneriaoml.it\/de\/wp-json\/wp\/v2\/users\/1"}],"replies":[{"embeddable":true,"href":"https:\/\/www.torneriaoml.it\/de\/wp-json\/wp\/v2\/comments?post=7466"}],"version-history":[{"count":14,"href":"https:\/\/www.torneriaoml.it\/de\/wp-json\/wp\/v2\/pages\/7466\/revisions"}],"predecessor-version":[{"id":8773,"href":"https:\/\/www.torneriaoml.it\/de\/wp-json\/wp\/v2\/pages\/7466\/revisions\/8773"}],"up":[{"embeddable":true,"href":"https:\/\/www.torneriaoml.it\/de\/wp-json\/wp\/v2\/pages\/7464"}],"wp:attachment":[{"href":"https:\/\/www.torneriaoml.it\/de\/wp-json\/wp\/v2\/media?parent=7466"}],"curies":[{"name":"wp","href":"https:\/\/api.w.org\/{rel}","templated":true}]}}