{"id":7456,"date":"2021-11-12T18:59:24","date_gmt":"2021-11-12T17:59:24","guid":{"rendered":"https:\/\/www.torneriaoml.it\/privacy-policy\/"},"modified":"2021-12-22T10:06:12","modified_gmt":"2021-12-22T09:06:12","slug":"policy-policy","status":"publish","type":"page","link":"https:\/\/www.torneriaoml.it\/de\/policy-policy\/","title":{"rendered":"Privacy policy"},"content":{"rendered":"\t\t<div data-elementor-type=\"wp-page\" data-elementor-id=\"7456\" class=\"elementor elementor-7456 elementor-3\">\n\t\t\t\t\t\t\t\t\t<section class=\"elementor-section elementor-top-section elementor-element elementor-element-a77d5ce elementor-section-boxed elementor-section-height-default elementor-section-height-default\" data-id=\"a77d5ce\" data-element_type=\"section\">\n\t\t\t\t\t\t<div class=\"elementor-container elementor-column-gap-default\">\n\t\t\t\t\t<div class=\"elementor-column elementor-col-100 elementor-top-column elementor-element elementor-element-b009cc6\" data-id=\"b009cc6\" data-element_type=\"column\">\n\t\t\t<div class=\"elementor-widget-wrap elementor-element-populated\">\n\t\t\t\t\t\t\t\t<div class=\"elementor-element elementor-element-f09117c elementor-widget elementor-widget-heading\" data-id=\"f09117c\" data-element_type=\"widget\" data-settings=\"{&quot;aos_animation_name&quot;:&quot;none&quot;}\" data-widget_type=\"heading.default\">\n\t\t\t\t<div class=\"elementor-widget-container\">\n\t\t\t<style>\/*! elementor - v3.8.0 - 30-10-2022 *\/\n.elementor-heading-title{padding:0;margin:0;line-height:1}.elementor-widget-heading .elementor-heading-title[class*=elementor-size-]>a{color:inherit;font-size:inherit;line-height:inherit}.elementor-widget-heading .elementor-heading-title.elementor-size-small{font-size:15px}.elementor-widget-heading .elementor-heading-title.elementor-size-medium{font-size:19px}.elementor-widget-heading .elementor-heading-title.elementor-size-large{font-size:29px}.elementor-widget-heading .elementor-heading-title.elementor-size-xl{font-size:39px}.elementor-widget-heading .elementor-heading-title.elementor-size-xxl{font-size:59px}<\/style><h2 class=\"elementor-heading-title elementor-size-default\">Privacy Policy<\/h2>\t\t<\/div>\n\t\t\t\t<\/div>\n\t\t\t\t\t<\/div>\n\t\t<\/div>\n\t\t\t\t\t\t\t<\/div>\n\t\t<\/section>\n\t\t\t\t<section class=\"elementor-section elementor-top-section elementor-element elementor-element-98ea6a9 elementor-section-boxed elementor-section-height-default elementor-section-height-default\" data-id=\"98ea6a9\" data-element_type=\"section\">\n\t\t\t\t\t\t<div class=\"elementor-container elementor-column-gap-default\">\n\t\t\t\t\t<div class=\"elementor-column elementor-col-100 elementor-top-column elementor-element elementor-element-1c15efb\" data-id=\"1c15efb\" data-element_type=\"column\">\n\t\t\t<div class=\"elementor-widget-wrap elementor-element-populated\">\n\t\t\t\t\t\t\t\t<div class=\"elementor-element elementor-element-b50bd66 elementor-widget elementor-widget-text-editor\" data-id=\"b50bd66\" data-element_type=\"widget\" data-settings=\"{&quot;aos_animation_name&quot;:&quot;none&quot;}\" data-widget_type=\"text-editor.default\">\n\t\t\t\t<div class=\"elementor-widget-container\">\n\t\t\t<style>\/*! elementor - v3.8.0 - 30-10-2022 *\/\n.elementor-widget-text-editor.elementor-drop-cap-view-stacked .elementor-drop-cap{background-color:#818a91;color:#fff}.elementor-widget-text-editor.elementor-drop-cap-view-framed .elementor-drop-cap{color:#818a91;border:3px solid;background-color:transparent}.elementor-widget-text-editor:not(.elementor-drop-cap-view-default) .elementor-drop-cap{margin-top:8px}.elementor-widget-text-editor:not(.elementor-drop-cap-view-default) .elementor-drop-cap-letter{width:1em;height:1em}.elementor-widget-text-editor .elementor-drop-cap{float:left;text-align:center;line-height:1;font-size:50px}.elementor-widget-text-editor .elementor-drop-cap-letter{display:inline-block}<\/style>\t\t\t\t<p>INFORMATION ON THE PROCESSING OF PERSONAL DATA \u2013 Customers\/Suppliers. To the senses and the effects of art. 13 of the EU Regulation 2016\/679 (General regulation on the protection of personal data)<\/p><p>Dear Customer\/Supplier, pursuant to article 13 of the EU Regulation 2016\/679, hereinafter referred to as the \u201cregulation\u201d and in relation to the personal data concerning our company, as the holder of the treatment, as a result of the contracts in being, we wish to provide the Following information.<\/p><p>Identifying details of the data controller<\/p><p>The data controller is O.M.L. S.R.L. with registered office in Via Conca 29\/31-36070 Castelgomberto (VI) and operational headquarters at the same address. The contact details are as follows: Telephone (+ 39) 0445 490887 E-mail: info@torneriaoml.it. Reference address: Via Conca 29\/31 \u2013 36070 Castelgomberto (VI) It is clear that, in view of the fact that the holder of the treatment is established within the European Union, it is not necessary to appoint the representative of the data controller.<\/p><p>Contact details of the data protection officer<\/p><p>Following verification of the applicability of the provisions of art. 37 of the Regulation, the appointment of the person responsible for data protection has been excluded because the company does not fall under any of the cases covered<\/p><p>Purpose of the treatment to which the data are intended and legal basis<\/p><p>The treatment is directed to the following activities:-fulfilment of the obligations of law and\/or contract, completion of the customs and Customs, concerning the commercial activity Bureau -Accounting and administrative processing; -Management of legal fulfilments and disputes; Compliance with existing legislation in the field of occupational health and safety; -Fulfilments related to the application of the internal management system to the company. The legal basis of the treatment is the following: contract for the acquisition\/supply of goods or services, the Dlgs 81\/2008 and S.M.I. as regards the current legislation on occupational health and safety and related regulations To the application of the Civil Code and Penal Code. The treatment is carried out by means of operations or complexes of operations and in particular: collection, registration, organization, preservation, elaboration, modification, comparison, interconnection; Selection, extraction, consultation, communication, blocking, cancellation and destruction; It is carried out with or without the aid of electronic means; It is carried out by the owner\u2019s organization and by a trusted company, whose list is available from the owner, who are our direct collaborators and who operate in total autonomy as separate external owners of the processing of personal data, obliged to Fulfill in your own and according to a contract with our company to the law regarding protection of personal data. Personal data are not subject to dissemination.<\/p><p>Legitimate interests of the data controller<\/p><p>In case treatments are carried out according to art. 6 (1) (f)), they shall be fulfilled exclusively for the fulfilment of the legitimate interests of the data controller.<\/p><p>Recipients of personal data<\/p><p>The personal data collected may be communicated to:-all the subjects to which the faculty of access to such data is recognized by virtue of normative measures; -to our employees in the field of their respective tasks; -All those natural and\/or legal, public and\/or private persons when the communication is necessary or functional to the performance of our business and in the manner and for the purposes illustrated.<\/p><p>Transfer of personal data abroad<\/p><p>The data controller does not intend to carry out a transfer of personal information to third countries or international organisations outside the European Union.<\/p><p>Retention period of personal data<\/p><p>It assumes as a parameter the time limit of retention of the data for fiscal purposes currently in force (10 years).<\/p><p>Rights of the person concerned<\/p><p>The person concerned is entitled (Chapter III rights of the person concerned) to ask the data controller for access to personal information and the rectification or cancellation thereof, as well as the limitation or opposition to their processing and data portability. To exercise these rights, you must refer to the contact details mentioned above.<\/p><p>Withdrawal of consent<\/p><p>The person concerned has the right to withdraw the express consent pursuant to art. 6 (1) (a) and art. 9 (2) (a).<\/p><p>Right of complaint with the supervisory authority<\/p><p>The person concerned has the right to complain to the supervisory authority, reachable at the following addresses: Guarantor for the protection of personal data-Piazza di Monte citorio N. 121 00186 Rome Fax: (+ 39) 06.69677.3785 Telephone Switchboard: (+ 39) 06.696771 E-mail:\u00a0<a href=\"mailto:garante@gpdp.it\">garante@gpdp.it<\/a>Certified mail:\u00a0<a href=\"mailto:protocollo@pec.gpdp.it\">protocollo@pec.gpdp.it<\/a><\/p><p>The references and modalities for exercising the right of complaint are given on the website of the guarantor of privacy\u00a0<a href=\"http:\/\/www.garanteprivacy.it\/\">http:\/\/www.garanteprivacy.it<\/a>.<\/p><p>Disclosure of Personal data<\/p><p>The communication and the subsequent processing of personal data is a necessary condition for the completion of the contract with our company. Failure to communicate will affect the non-applicability of the contract.<\/p><p>Automated decision-making process<\/p><p>Personal data collected will not be subjected to automated decision-making, including profiling.<\/p>\t\t\t\t\t\t<\/div>\n\t\t\t\t<\/div>\n\t\t\t\t\t<\/div>\n\t\t<\/div>\n\t\t\t\t\t\t\t<\/div>\n\t\t<\/section>\n\t\t\t\t\t\t\t<\/div>\n\t\t","protected":false},"excerpt":{"rendered":"<p>Privacy Policy INFORMATION ON THE PROCESSING OF PERSONAL DATA \u2013 Customers\/Suppliers. To the senses and the effects of art. 13 of the EU Regulation 2016\/679 (General regulation on the protection of personal data) Dear Customer\/Supplier, pursuant to article 13 of the EU Regulation 2016\/679, hereinafter referred to as the \u201cregulation\u201d and in relation to the [&hellip;]<\/p>\n","protected":false},"author":1,"featured_media":0,"parent":0,"menu_order":0,"comment_status":"closed","ping_status":"closed","template":"template-custom-page.php","meta":{"inline_featured_image":false,"_vp_format_video_url":"","_vp_image_focal_point":[],"footnotes":""},"class_list":["post-7456","page","type-page","status-publish","hentry"],"yoast_head":"<!-- This site is optimized with the Yoast SEO plugin v26.9 - https:\/\/yoast.com\/product\/yoast-seo-wordpress\/ -->\n<title>Torneria OML | Hochpr\u00e4zisions-CNC-Drehen | Vicenza | ITALY<\/title>\n<meta name=\"description\" content=\"Torneria OML. Hochpr\u00e4zisions-CNC-Drehen f\u00fcr: Hydraulik, Gas, Kleinteile, Medizintechnik und Fl\u00fcssigkeitskontrolle.\" \/>\n<meta name=\"robots\" content=\"index, follow, max-snippet:-1, max-image-preview:large, max-video-preview:-1\" \/>\n<link rel=\"canonical\" href=\"https:\/\/www.torneriaoml.it\/de\/policy-policy\/\" \/>\n<meta property=\"og:locale\" content=\"de_DE\" \/>\n<meta property=\"og:type\" content=\"article\" \/>\n<meta property=\"og:title\" content=\"Torneria OML | Hochpr\u00e4zisions-CNC-Drehen | Vicenza | ITALY\" \/>\n<meta property=\"og:description\" content=\"Torneria OML. Hochpr\u00e4zisions-CNC-Drehen f\u00fcr: Hydraulik, Gas, Kleinteile, Medizintechnik und Fl\u00fcssigkeitskontrolle.\" \/>\n<meta property=\"og:url\" content=\"https:\/\/www.torneriaoml.it\/de\/policy-policy\/\" \/>\n<meta property=\"og:site_name\" content=\"Torneria OML\" \/>\n<meta property=\"article:modified_time\" content=\"2021-12-22T09:06:12+00:00\" \/>\n<meta name=\"twitter:card\" content=\"summary_large_image\" \/>\n<meta name=\"twitter:label1\" content=\"Gesch\u00e4tzte Lesezeit\" \/>\n\t<meta name=\"twitter:data1\" content=\"4\u00a0Minuten\" \/>\n<script type=\"application\/ld+json\" class=\"yoast-schema-graph\">{\"@context\":\"https:\/\/schema.org\",\"@graph\":[{\"@type\":\"WebPage\",\"@id\":\"https:\/\/www.torneriaoml.it\/de\/policy-policy\/\",\"url\":\"https:\/\/www.torneriaoml.it\/de\/policy-policy\/\",\"name\":\"Torneria OML | Hochpr\u00e4zisions-CNC-Drehen | Vicenza | ITALY\",\"isPartOf\":{\"@id\":\"https:\/\/www.torneriaoml.it\/de\/#website\"},\"datePublished\":\"2021-11-12T17:59:24+00:00\",\"dateModified\":\"2021-12-22T09:06:12+00:00\",\"description\":\"Torneria OML. Hochpr\u00e4zisions-CNC-Drehen f\u00fcr: Hydraulik, Gas, Kleinteile, Medizintechnik und Fl\u00fcssigkeitskontrolle.\",\"breadcrumb\":{\"@id\":\"https:\/\/www.torneriaoml.it\/de\/policy-policy\/#breadcrumb\"},\"inLanguage\":\"de\",\"potentialAction\":[{\"@type\":\"ReadAction\",\"target\":[\"https:\/\/www.torneriaoml.it\/de\/policy-policy\/\"]}]},{\"@type\":\"BreadcrumbList\",\"@id\":\"https:\/\/www.torneriaoml.it\/de\/policy-policy\/#breadcrumb\",\"itemListElement\":[{\"@type\":\"ListItem\",\"position\":1,\"name\":\"Home\",\"item\":\"https:\/\/www.torneriaoml.it\/de\/\"},{\"@type\":\"ListItem\",\"position\":2,\"name\":\"Privacy policy\"}]},{\"@type\":\"WebSite\",\"@id\":\"https:\/\/www.torneriaoml.it\/de\/#website\",\"url\":\"https:\/\/www.torneriaoml.it\/de\/\",\"name\":\"Torneria OML\",\"description\":\"Torneria OML\",\"potentialAction\":[{\"@type\":\"SearchAction\",\"target\":{\"@type\":\"EntryPoint\",\"urlTemplate\":\"https:\/\/www.torneriaoml.it\/de\/?s={search_term_string}\"},\"query-input\":{\"@type\":\"PropertyValueSpecification\",\"valueRequired\":true,\"valueName\":\"search_term_string\"}}],\"inLanguage\":\"de\"}]}<\/script>\n<!-- \/ Yoast SEO plugin. -->","yoast_head_json":{"title":"Torneria OML | Hochpr\u00e4zisions-CNC-Drehen | Vicenza | ITALY","description":"Torneria OML. Hochpr\u00e4zisions-CNC-Drehen f\u00fcr: Hydraulik, Gas, Kleinteile, Medizintechnik und Fl\u00fcssigkeitskontrolle.","robots":{"index":"index","follow":"follow","max-snippet":"max-snippet:-1","max-image-preview":"max-image-preview:large","max-video-preview":"max-video-preview:-1"},"canonical":"https:\/\/www.torneriaoml.it\/de\/policy-policy\/","og_locale":"de_DE","og_type":"article","og_title":"Torneria OML | Hochpr\u00e4zisions-CNC-Drehen | Vicenza | ITALY","og_description":"Torneria OML. Hochpr\u00e4zisions-CNC-Drehen f\u00fcr: Hydraulik, Gas, Kleinteile, Medizintechnik und Fl\u00fcssigkeitskontrolle.","og_url":"https:\/\/www.torneriaoml.it\/de\/policy-policy\/","og_site_name":"Torneria OML","article_modified_time":"2021-12-22T09:06:12+00:00","twitter_card":"summary_large_image","twitter_misc":{"Gesch\u00e4tzte Lesezeit":"4\u00a0Minuten"},"schema":{"@context":"https:\/\/schema.org","@graph":[{"@type":"WebPage","@id":"https:\/\/www.torneriaoml.it\/de\/policy-policy\/","url":"https:\/\/www.torneriaoml.it\/de\/policy-policy\/","name":"Torneria OML | Hochpr\u00e4zisions-CNC-Drehen | Vicenza | ITALY","isPartOf":{"@id":"https:\/\/www.torneriaoml.it\/de\/#website"},"datePublished":"2021-11-12T17:59:24+00:00","dateModified":"2021-12-22T09:06:12+00:00","description":"Torneria OML. Hochpr\u00e4zisions-CNC-Drehen f\u00fcr: Hydraulik, Gas, Kleinteile, Medizintechnik und Fl\u00fcssigkeitskontrolle.","breadcrumb":{"@id":"https:\/\/www.torneriaoml.it\/de\/policy-policy\/#breadcrumb"},"inLanguage":"de","potentialAction":[{"@type":"ReadAction","target":["https:\/\/www.torneriaoml.it\/de\/policy-policy\/"]}]},{"@type":"BreadcrumbList","@id":"https:\/\/www.torneriaoml.it\/de\/policy-policy\/#breadcrumb","itemListElement":[{"@type":"ListItem","position":1,"name":"Home","item":"https:\/\/www.torneriaoml.it\/de\/"},{"@type":"ListItem","position":2,"name":"Privacy policy"}]},{"@type":"WebSite","@id":"https:\/\/www.torneriaoml.it\/de\/#website","url":"https:\/\/www.torneriaoml.it\/de\/","name":"Torneria OML","description":"Torneria OML","potentialAction":[{"@type":"SearchAction","target":{"@type":"EntryPoint","urlTemplate":"https:\/\/www.torneriaoml.it\/de\/?s={search_term_string}"},"query-input":{"@type":"PropertyValueSpecification","valueRequired":true,"valueName":"search_term_string"}}],"inLanguage":"de"}]}},"_links":{"self":[{"href":"https:\/\/www.torneriaoml.it\/de\/wp-json\/wp\/v2\/pages\/7456","targetHints":{"allow":["GET"]}}],"collection":[{"href":"https:\/\/www.torneriaoml.it\/de\/wp-json\/wp\/v2\/pages"}],"about":[{"href":"https:\/\/www.torneriaoml.it\/de\/wp-json\/wp\/v2\/types\/page"}],"author":[{"embeddable":true,"href":"https:\/\/www.torneriaoml.it\/de\/wp-json\/wp\/v2\/users\/1"}],"replies":[{"embeddable":true,"href":"https:\/\/www.torneriaoml.it\/de\/wp-json\/wp\/v2\/comments?post=7456"}],"version-history":[{"count":11,"href":"https:\/\/www.torneriaoml.it\/de\/wp-json\/wp\/v2\/pages\/7456\/revisions"}],"predecessor-version":[{"id":8731,"href":"https:\/\/www.torneriaoml.it\/de\/wp-json\/wp\/v2\/pages\/7456\/revisions\/8731"}],"wp:attachment":[{"href":"https:\/\/www.torneriaoml.it\/de\/wp-json\/wp\/v2\/media?parent=7456"}],"curies":[{"name":"wp","href":"https:\/\/api.w.org\/{rel}","templated":true}]}}